{"id":5514,"date":"2020-07-04T21:35:50","date_gmt":"2020-07-04T19:35:50","guid":{"rendered":"http:\/\/iczechy.pl\/?page_id=5514"},"modified":"2020-07-04T21:36:36","modified_gmt":"2020-07-04T19:36:36","slug":"inne-urzedy-2","status":"publish","type":"page","link":"https:\/\/iczechy.pl\/index.php\/inne-urzedy-2\/","title":{"rendered":"Inne urz\u0119dy"},"content":{"rendered":"<ul>\n<li><strong>Agencja Ochrony Przyrody i Krajobrazu Republiki Czeskiej<\/strong>\u00a0<em>(<a href=\"http:\/\/www.ochranaprirody.cz\/pl\/\" target=\"_blank\" rel=\"noreferrer noopener\">Agentura ochrany p\u0159\u00edrody a krajiny \u010cR<\/a>)<\/em><\/li>\n<li><strong>Agencja Rozwoju Przedsi\u0119biorczo\u015bci<\/strong>\u00a0(<a href=\"http:\/\/www.socr.cz\/\"><em>Svaz obchodu a cestovn\u00edho ruchu \u010cR<\/em><\/a>)<\/li>\n<li><strong>Akademia Nauk Republiki Czeskiej<\/strong>\u00a0(<em><a href=\"http:\/\/www.cas.cz\/\">Akademie v\u011bd \u010cesk\u00e9 republiky<\/a><\/em>)<\/li>\n<li><strong>Zrzeszenie Organizacji Badawczych<\/strong>\u00a0(<em><a href=\"http:\/\/www.avo.cz\/\">Asociace v\u00fdzkumn\u00fdch organizac\u00ed<\/a><\/em>)<\/li>\n<li><strong>Informacyjna S\u0142u\u017cba Bezpiecze\u0144stwa<\/strong>\u00a0(<em><a href=\"https:\/\/www.bis.cz\/\">Bezpe\u010dnostn\u00ed informa\u010dn\u00ed slu\u017eba<\/a><\/em>)<\/li>\n<li><strong>Centrum Rozwoju Regionalnego Republiki Czeskiej<\/strong>\u00a0(<a href=\"http:\/\/www.crr.cz\/\"><em>Centrum pro region\u00e1ln\u00ed rozvoj<\/em><\/a>)<\/li>\n<li><strong>Czeski Bank Narodowy<\/strong>\u00a0(<em><a href=\"http:\/\/www.cnb.cz\/\">\u010cesk\u00e9 N\u00e1rodn\u00ed Banky<\/a><\/em>)<\/li>\n<li><strong>Czeska Agencja Informacji o \u015arodowisku<\/strong>\u00a0(<em><a href=\"https:\/\/www.cenia.cz\/\">\u010cesk\u00e1 informa\u010dn\u00ed agentura<\/a><\/em>)<\/li>\n<li><strong>Czeski Urz\u0105d G\u00f3rnictwa<\/strong>\u00a0(<em><a href=\"http:\/\/www.cbusbs.cz\/\">\u010cesk\u00fd b\u00e1\u0148sk\u00fd \u00fa\u0159ad<\/a>)<\/em><\/li>\n<li><strong>Czeski Instytut Normalizacyjny<\/strong>\u00a0(<a href=\"http:\/\/www.csni.cz\/\"><em>\u010cesk\u00fd normaliza\u010dn\u00ed institut<\/em><\/a>)<\/li>\n<li><strong>Czeski Urz\u0105d Statystyczny<\/strong>\u00a0(<a href=\"http:\/\/www.czso.cz\/\"><em>\u010cesk\u00fd statistick\u00fd \u00fa\u0159ad<\/em><\/a>)<\/li>\n<li><strong>Czeski Urz\u0105d Geodezyjny i Katastralny<\/strong>\u00a0(<a href=\"http:\/\/www.cuzk.cz\/\"><em>\u010c\u00daZK \u2013 \u00davod<\/em><\/a>)<\/li>\n<li><strong>Czeski Instytut Geologiczny<\/strong>\u00a0(<a href=\"http:\/\/www.geology.cz\/\"><em>\u010cesk\u00e1 geologick\u00e1 slu\u017eba \u2013 \u00davod<\/em><\/a>)<\/li>\n<li><strong>Czeski Instytut Meteorologiczny<\/strong>\u00a0(<a href=\"http:\/\/www.chmi.cz\/\"><em>\u010cHM\u00da<\/em><\/a>)<\/li>\n<li><strong>Czeski Urz\u0105d Telekomunikacyjny<\/strong>\u00a0(<a href=\"http:\/\/www.ctu.cz\/\"><em>\u010cesk\u00fd telekomunika\u010dn\u00ed \u00fa\u0159ad<\/em><\/a>)<\/li>\n<li><strong>Generalny Dyrektoriat Ce\u0142<\/strong>\u00a0(<a href=\"http:\/\/www.cs.mfcr.cz\/\"><em>Celn\u00ed spr\u00e1va \u010cR<\/em><\/a>)<\/li>\n<li><strong>Agencja Stypendialna<\/strong>\u00a0(<a href=\"https:\/\/gacr.cz\/\"><em>Grantov\u00e1 agentura \u010cesk\u00e9 republiky<\/em><\/a>)<\/li>\n<li><strong>Urz\u0105d Bezpiecze\u0144stwa Narodowego<\/strong>\u00a0(<a href=\"https:\/\/www.nbu.cz\/\"><em>N\u00e1rodn\u00ed bezpe\u010dnostn\u00ed \u00fa\u0159ad<\/em><\/a>)<\/li>\n<li><strong>Fundusz Edukacji Narodowej<\/strong>\u00a0(<a href=\"http:\/\/www.nvf.cz\/\"><em>N\u00e1rodn\u00ed vzd\u011bl\u00e1vac\u00ed fond<\/em><\/a>)<\/li>\n<li><strong>Najwy\u017cszy Urz\u0105d Kontroli<\/strong>\u00a0(<a href=\"http:\/\/www.nku.cz\/\"><em>Nejvy\u0161\u0161\u00ed kontroln\u00ed \u00fa\u0159ad<\/em><\/a>)<\/li>\n<li><strong>Pa\u0144stwowy Urz\u0105d Gruntowy<\/strong>\u00a0(<a href=\"https:\/\/www.spucr.cz\/\"><em>St\u00e1tn\u00ed pozemkov\u00fd \u00fa\u0159ad<\/em><\/a>)<\/li>\n<li><strong>Serwis Informacyjny Stolicy Pragi<\/strong>\u00a0(<a href=\"http:\/\/www.praha.cz\/\"><em>Informa\u010dn\u00ed hlavn\u00ed m\u011bsto Praha<\/em><\/a>)<\/li>\n<li><strong>Centralny Instytut Nadzoru i Testowania w Rolnictwie<\/strong>\u00a0(<a href=\"http:\/\/eagri.cz\/public\/web\/ukzuz\/portal\/\"><em>\u00dast\u0159edn\u00edm kontroln\u00edm a zku\u0161ebn\u00edm \u00fastavem zem\u011bd\u011blsk\u00fdm<\/em><\/a>)<\/li>\n<li><strong>Pa\u0144stwowy Urz\u0105d Weterynaryjny Republiki Czeskiej<\/strong>\u00a0(<a href=\"http:\/\/www.svscr.cz\/\"><em>St\u00e1tn\u00ed veterin\u00e1rn\u00ed spr\u00e1va<\/em><\/a>)<\/li>\n<li><strong>Pa\u0144stwowy Urz\u0105d ds. Bezpiecze\u0144stwa J\u0105drowego<\/strong>\u00a0(<a href=\"http:\/\/www.sujb.cz\/\"><em>St\u00e1tn\u00ed \u00fa\u0159ad jadernou bezpe\u010dnost<\/em><\/a>)<\/li>\n<li><strong>Urz\u0105d Ochrony Konkurencji<\/strong>\u00a0(<a href=\"https:\/\/www.uohs.cz\/\"><em>\u00da\u0159ad ochranu hospod\u00e1\u0159sk\u00e9 sout\u011b\u017ee<\/em><\/a>)<\/li>\n<li><strong>Urz\u0105d Ochrony Danych Osobowych<\/strong>\u00a0(<a href=\"http:\/\/www.uoou.cz\/uoou.aspx\"><em>\u00da\u0159ad ochranu osobn\u00edch \u00fadaj\u016f<\/em><\/a>)<\/li>\n<li><strong>Urz\u0105d Mienia Przemys\u0142owego<\/strong>\u00a0(<a href=\"http:\/\/www.upv.cz\/\"><em>\u00da\u0159ad pr\u016fmyslov\u00e9ho vlastnictv\u00ed<\/em><\/a>)<\/li>\n<li><strong>Serwis administracji pa\u0144stwowej Republiki Czeskiej<\/strong>\u00a0(<a href=\"http:\/\/portal.gov.cz\/\"><em>Port\u00e1l ve\u0159ejn\u00e9 spr\u00e1vy<\/em><\/a>)<\/li>\n<\/ul>\n","protected":false},"excerpt":{"rendered":"<p>Agencja Ochrony Przyrody i Krajobrazu Republiki Czeskiej\u00a0(Agentura ochrany p\u0159\u00edrody a krajiny \u010cR) Agencja Rozwoju Przedsi\u0119biorczo\u015bci\u00a0(Svaz obchodu a cestovn\u00edho ruchu \u010cR) Akademia Nauk Republiki Czeskiej\u00a0(Akademie v\u011bd \u010cesk\u00e9 republiky) Zrzeszenie Organizacji Badawczych\u00a0(Asociace v\u00fdzkumn\u00fdch organizac\u00ed) Informacyjna S\u0142u\u017cba Bezpiecze\u0144stwa\u00a0(Bezpe\u010dnostn\u00ed informa\u010dn\u00ed slu\u017eba) Centrum Rozwoju Regionalnego&#8230;<\/p>\n","protected":false},"author":7,"featured_media":0,"parent":0,"menu_order":0,"comment_status":"closed","ping_status":"closed","template":"","meta":{"om_disable_all_campaigns":false,"_monsterinsights_skip_tracking":false,"_monsterinsights_sitenote_active":false,"_monsterinsights_sitenote_note":"","_monsterinsights_sitenote_category":0,"ngg_post_thumbnail":0,"two_page_speed":[],"footnotes":""},"class_list":["post-5514","page","type-page","status-publish","hentry"],"yoast_head":"<!-- This site is optimized with the Yoast SEO plugin v27.5 - https:\/\/yoast.com\/product\/yoast-seo-wordpress\/ -->\n<title>Inne urz\u0119dy &#187; iCzechy.pl<\/title>\n<meta name=\"robots\" content=\"index, follow, max-snippet:-1, max-image-preview:large, max-video-preview:-1\" \/>\n<link rel=\"canonical\" href=\"https:\/\/iczechy.pl\/index.php\/inne-urzedy-2\/\" \/>\n<meta property=\"og:locale\" content=\"pl_PL\" \/>\n<meta property=\"og:type\" content=\"article\" \/>\n<meta property=\"og:title\" content=\"Inne urz\u0119dy &#187; iCzechy.pl\" \/>\n<meta property=\"og:description\" content=\"Agencja Ochrony Przyrody i Krajobrazu Republiki Czeskiej\u00a0(Agentura ochrany p\u0159\u00edrody a krajiny \u010cR) Agencja Rozwoju Przedsi\u0119biorczo\u015bci\u00a0(Svaz obchodu a cestovn\u00edho ruchu \u010cR) Akademia Nauk Republiki Czeskiej\u00a0(Akademie v\u011bd \u010cesk\u00e9 republiky) Zrzeszenie Organizacji Badawczych\u00a0(Asociace v\u00fdzkumn\u00fdch organizac\u00ed) Informacyjna S\u0142u\u017cba Bezpiecze\u0144stwa\u00a0(Bezpe\u010dnostn\u00ed informa\u010dn\u00ed slu\u017eba) Centrum Rozwoju Regionalnego...\" \/>\n<meta property=\"og:url\" content=\"https:\/\/iczechy.pl\/index.php\/inne-urzedy-2\/\" \/>\n<meta property=\"og:site_name\" content=\"iCzechy.pl\" \/>\n<meta property=\"article:modified_time\" content=\"2020-07-04T19:36:36+00:00\" \/>\n<meta name=\"twitter:card\" content=\"summary_large_image\" \/>\n<meta name=\"twitter:site\" content=\"@iCzechy_pl\" \/>\n<meta name=\"twitter:label1\" content=\"Szacowany czas czytania\" \/>\n\t<meta name=\"twitter:data1\" content=\"1 minuta\" \/>\n<script type=\"application\/ld+json\" class=\"yoast-schema-graph\">{\"@context\":\"https:\\\/\\\/schema.org\",\"@graph\":[{\"@type\":\"WebPage\",\"@id\":\"https:\\\/\\\/iczechy.pl\\\/index.php\\\/inne-urzedy-2\\\/\",\"url\":\"https:\\\/\\\/iczechy.pl\\\/index.php\\\/inne-urzedy-2\\\/\",\"name\":\"Inne urz\u0119dy &#187; iCzechy.pl\",\"isPartOf\":{\"@id\":\"https:\\\/\\\/iczechy.pl\\\/#website\"},\"datePublished\":\"2020-07-04T19:35:50+00:00\",\"dateModified\":\"2020-07-04T19:36:36+00:00\",\"breadcrumb\":{\"@id\":\"https:\\\/\\\/iczechy.pl\\\/index.php\\\/inne-urzedy-2\\\/#breadcrumb\"},\"inLanguage\":\"pl-PL\",\"potentialAction\":[{\"@type\":\"ReadAction\",\"target\":[\"https:\\\/\\\/iczechy.pl\\\/index.php\\\/inne-urzedy-2\\\/\"]}]},{\"@type\":\"BreadcrumbList\",\"@id\":\"https:\\\/\\\/iczechy.pl\\\/index.php\\\/inne-urzedy-2\\\/#breadcrumb\",\"itemListElement\":[{\"@type\":\"ListItem\",\"position\":1,\"name\":\"Strona g\u0142\u00f3wna\",\"item\":\"https:\\\/\\\/iczechy.pl\\\/\"},{\"@type\":\"ListItem\",\"position\":2,\"name\":\"Inne urz\u0119dy\"}]},{\"@type\":\"WebSite\",\"@id\":\"https:\\\/\\\/iczechy.pl\\\/#website\",\"url\":\"https:\\\/\\\/iczechy.pl\\\/\",\"name\":\"iCzechy.pl\",\"description\":\"i wiesz wi\u0119cej\",\"publisher\":{\"@id\":\"https:\\\/\\\/iczechy.pl\\\/#organization\"},\"potentialAction\":[{\"@type\":\"SearchAction\",\"target\":{\"@type\":\"EntryPoint\",\"urlTemplate\":\"https:\\\/\\\/iczechy.pl\\\/?s={search_term_string}\"},\"query-input\":{\"@type\":\"PropertyValueSpecification\",\"valueRequired\":true,\"valueName\":\"search_term_string\"}}],\"inLanguage\":\"pl-PL\"},{\"@type\":\"Organization\",\"@id\":\"https:\\\/\\\/iczechy.pl\\\/#organization\",\"name\":\"iCzechy.pl\",\"url\":\"https:\\\/\\\/iczechy.pl\\\/\",\"logo\":{\"@type\":\"ImageObject\",\"inLanguage\":\"pl-PL\",\"@id\":\"https:\\\/\\\/iczechy.pl\\\/#\\\/schema\\\/logo\\\/image\\\/\",\"url\":\"https:\\\/\\\/iczechy.pl\\\/wp-content\\\/uploads\\\/2020\\\/06\\\/iCzechy-2-300dpi-...i-wiesz-wiecej.png\",\"contentUrl\":\"https:\\\/\\\/iczechy.pl\\\/wp-content\\\/uploads\\\/2020\\\/06\\\/iCzechy-2-300dpi-...i-wiesz-wiecej.png\",\"width\":1280,\"height\":294,\"caption\":\"iCzechy.pl\"},\"image\":{\"@id\":\"https:\\\/\\\/iczechy.pl\\\/#\\\/schema\\\/logo\\\/image\\\/\"},\"sameAs\":[\"https:\\\/\\\/x.com\\\/iCzechy_pl\"]}]}<\/script>\n<!-- \/ Yoast SEO plugin. -->","yoast_head_json":{"title":"Inne urz\u0119dy &#187; iCzechy.pl","robots":{"index":"index","follow":"follow","max-snippet":"max-snippet:-1","max-image-preview":"max-image-preview:large","max-video-preview":"max-video-preview:-1"},"canonical":"https:\/\/iczechy.pl\/index.php\/inne-urzedy-2\/","og_locale":"pl_PL","og_type":"article","og_title":"Inne urz\u0119dy &#187; iCzechy.pl","og_description":"Agencja Ochrony Przyrody i Krajobrazu Republiki Czeskiej\u00a0(Agentura ochrany p\u0159\u00edrody a krajiny \u010cR) Agencja Rozwoju Przedsi\u0119biorczo\u015bci\u00a0(Svaz obchodu a cestovn\u00edho ruchu \u010cR) Akademia Nauk Republiki Czeskiej\u00a0(Akademie v\u011bd \u010cesk\u00e9 republiky) Zrzeszenie Organizacji Badawczych\u00a0(Asociace v\u00fdzkumn\u00fdch organizac\u00ed) Informacyjna S\u0142u\u017cba Bezpiecze\u0144stwa\u00a0(Bezpe\u010dnostn\u00ed informa\u010dn\u00ed slu\u017eba) Centrum Rozwoju Regionalnego...","og_url":"https:\/\/iczechy.pl\/index.php\/inne-urzedy-2\/","og_site_name":"iCzechy.pl","article_modified_time":"2020-07-04T19:36:36+00:00","twitter_card":"summary_large_image","twitter_site":"@iCzechy_pl","twitter_misc":{"Szacowany czas czytania":"1 minuta"},"schema":{"@context":"https:\/\/schema.org","@graph":[{"@type":"WebPage","@id":"https:\/\/iczechy.pl\/index.php\/inne-urzedy-2\/","url":"https:\/\/iczechy.pl\/index.php\/inne-urzedy-2\/","name":"Inne urz\u0119dy &#187; iCzechy.pl","isPartOf":{"@id":"https:\/\/iczechy.pl\/#website"},"datePublished":"2020-07-04T19:35:50+00:00","dateModified":"2020-07-04T19:36:36+00:00","breadcrumb":{"@id":"https:\/\/iczechy.pl\/index.php\/inne-urzedy-2\/#breadcrumb"},"inLanguage":"pl-PL","potentialAction":[{"@type":"ReadAction","target":["https:\/\/iczechy.pl\/index.php\/inne-urzedy-2\/"]}]},{"@type":"BreadcrumbList","@id":"https:\/\/iczechy.pl\/index.php\/inne-urzedy-2\/#breadcrumb","itemListElement":[{"@type":"ListItem","position":1,"name":"Strona g\u0142\u00f3wna","item":"https:\/\/iczechy.pl\/"},{"@type":"ListItem","position":2,"name":"Inne urz\u0119dy"}]},{"@type":"WebSite","@id":"https:\/\/iczechy.pl\/#website","url":"https:\/\/iczechy.pl\/","name":"iCzechy.pl","description":"i wiesz wi\u0119cej","publisher":{"@id":"https:\/\/iczechy.pl\/#organization"},"potentialAction":[{"@type":"SearchAction","target":{"@type":"EntryPoint","urlTemplate":"https:\/\/iczechy.pl\/?s={search_term_string}"},"query-input":{"@type":"PropertyValueSpecification","valueRequired":true,"valueName":"search_term_string"}}],"inLanguage":"pl-PL"},{"@type":"Organization","@id":"https:\/\/iczechy.pl\/#organization","name":"iCzechy.pl","url":"https:\/\/iczechy.pl\/","logo":{"@type":"ImageObject","inLanguage":"pl-PL","@id":"https:\/\/iczechy.pl\/#\/schema\/logo\/image\/","url":"https:\/\/iczechy.pl\/wp-content\/uploads\/2020\/06\/iCzechy-2-300dpi-...i-wiesz-wiecej.png","contentUrl":"https:\/\/iczechy.pl\/wp-content\/uploads\/2020\/06\/iCzechy-2-300dpi-...i-wiesz-wiecej.png","width":1280,"height":294,"caption":"iCzechy.pl"},"image":{"@id":"https:\/\/iczechy.pl\/#\/schema\/logo\/image\/"},"sameAs":["https:\/\/x.com\/iCzechy_pl"]}]}},"_links":{"self":[{"href":"https:\/\/iczechy.pl\/index.php\/wp-json\/wp\/v2\/pages\/5514","targetHints":{"allow":["GET"]}}],"collection":[{"href":"https:\/\/iczechy.pl\/index.php\/wp-json\/wp\/v2\/pages"}],"about":[{"href":"https:\/\/iczechy.pl\/index.php\/wp-json\/wp\/v2\/types\/page"}],"author":[{"embeddable":true,"href":"https:\/\/iczechy.pl\/index.php\/wp-json\/wp\/v2\/users\/7"}],"replies":[{"embeddable":true,"href":"https:\/\/iczechy.pl\/index.php\/wp-json\/wp\/v2\/comments?post=5514"}],"version-history":[{"count":2,"href":"https:\/\/iczechy.pl\/index.php\/wp-json\/wp\/v2\/pages\/5514\/revisions"}],"predecessor-version":[{"id":5516,"href":"https:\/\/iczechy.pl\/index.php\/wp-json\/wp\/v2\/pages\/5514\/revisions\/5516"}],"wp:attachment":[{"href":"https:\/\/iczechy.pl\/index.php\/wp-json\/wp\/v2\/media?parent=5514"}],"curies":[{"name":"wp","href":"https:\/\/api.w.org\/{rel}","templated":true}]}}