{"id":277,"date":"2015-05-19T08:55:47","date_gmt":"2015-05-19T08:55:47","guid":{"rendered":"http:\/\/demo.avantgardia.com\/newspeak\/?page_id=145"},"modified":"2025-04-22T21:06:55","modified_gmt":"2025-04-22T19:06:55","slug":"czechy-informacje-portal","status":"publish","type":"page","link":"https:\/\/iczechy.pl\/index.php\/czechy-informacje-portal\/","title":{"rendered":"Redakcja iCzechy.pl"},"content":{"rendered":"<p class=\"\" data-start=\"281\" data-end=\"359\"><strong data-start=\"281\" data-end=\"357\">Witamy na iCzechy.pl \u2013 \u017ar\u00f3dle obszernych informacji o Republice Czeskiej<\/strong><\/p>\n<p class=\"\" data-start=\"361\" data-end=\"627\">iCzechy.pl to portal tematyczny po\u015bwi\u0119cony Republice Czeskiej, oferuj\u0105cy bogaty wyb\u00f3r artyku\u0142\u00f3w i opracowa\u0144 na temat naszego po\u0142udniowego s\u0105siada. Publikujemy tre\u015bci dotycz\u0105ce turystyki, kultury, gospodarki, historii, kuchni oraz wielu innych zagadnie\u0144 zwi\u0105zanych z <a href=\"https:\/\/pl.wikipedia.org\/wiki\/Czechy\" target=\"_blank\" rel=\"noopener\">Czechami<\/a>.<\/p>\n<p data-start=\"629\" data-end=\"663\"><strong>Co znajdziesz na iCzechy.pl?<\/strong><\/p>\n<ul>\n<li data-start=\"667\" data-end=\"739\"><strong data-start=\"667\" data-end=\"680\">Turystyka<\/strong> \u2013 opisy region\u00f3w, atrakcji i miejsc wartych odwiedzenia.<\/li>\n<li data-start=\"667\" data-end=\"739\"><strong data-start=\"742\" data-end=\"752\">Biznes<\/strong> \u2013 informacje gospodarcze, relacje z targ\u00f3w, analizy ekonomiczne.<\/li>\n<li data-start=\"667\" data-end=\"739\"><strong data-start=\"822\" data-end=\"833\">Kultura<\/strong> \u2013 aktualno\u015bci dotycz\u0105ce czeskiego \u017cycia artystycznego i wydarze\u0144 kulturalnych.<\/li>\n<li data-start=\"667\" data-end=\"739\"><strong data-start=\"917\" data-end=\"942\">Informacje praktyczne<\/strong> \u2013 porady dla podr\u00f3\u017cuj\u0105cych, kierowc\u00f3w oraz os\u00f3b zainteresowanych \u017cyciem w Czechach.<\/li>\n<\/ul>\n<p class=\"\" data-start=\"1030\" data-end=\"1137\"><strong data-start=\"1030\" data-end=\"1135\">iCzechy.pl to bogata baza wiedzy dla ka\u017cdego, kto interesuje si\u0119 Czechami.<\/strong><\/p>\n<p class=\"\" data-start=\"1139\" data-end=\"1279\">Portal jest wydawany przez Agencj\u0119 Promocji Eksportu.&nbsp;<\/p>\n<p><strong><span style=\"color: #000000;\">iCzechy.pl. Chcemy, aby\u015b wiedzia\u0142 wi\u0119cej.<\/span><\/strong><\/p>\n<p>Je\u015bli masz pytania, sugestie lub chcesz nawi\u0105za\u0107 wsp\u00f3\u0142prac\u0119, zapraszamy do kontaktu poprzez formularz dost\u0119pny na naszej stronie lub inne formy komunikacji podane w sekcji &#8222;Redakcja iCzechy.pl&#8221;.\u200b<\/p>\n<p><a href=\"https:\/\/iczechy.pl\/wp-content\/uploads\/2025\/04\/iCzechy-2-300dpi-.i-wiesz-wiecej.png\"><img decoding=\"async\" class=\"alignnone wp-image-12314 lazyload\" data-src=\"https:\/\/iczechy.pl\/wp-content\/uploads\/2025\/04\/iCzechy-2-300dpi-.i-wiesz-wiecej-300x69.png\" alt=\"Czechy informacje portal\" width=\"200\" height=\"46\" data-srcset=\"https:\/\/iczechy.pl\/wp-content\/uploads\/2025\/04\/iCzechy-2-300dpi-.i-wiesz-wiecej-300x69.png 300w, https:\/\/iczechy.pl\/wp-content\/uploads\/2025\/04\/iCzechy-2-300dpi-.i-wiesz-wiecej-1024x235.png 1024w, https:\/\/iczechy.pl\/wp-content\/uploads\/2025\/04\/iCzechy-2-300dpi-.i-wiesz-wiecej-768x176.png 768w, https:\/\/iczechy.pl\/wp-content\/uploads\/2025\/04\/iCzechy-2-300dpi-.i-wiesz-wiecej.png 1280w\" data-sizes=\"(max-width: 200px) 100vw, 200px\" src=\"data:image\/svg+xml;base64,PHN2ZyB3aWR0aD0iMSIgaGVpZ2h0PSIxIiB4bWxucz0iaHR0cDovL3d3dy53My5vcmcvMjAwMC9zdmciPjwvc3ZnPg==\" style=\"--smush-placeholder-width: 200px; --smush-placeholder-aspect-ratio: 200\/46;\" \/><\/a><\/p>\n","protected":false},"excerpt":{"rendered":"<p>Witamy na iCzechy.pl \u2013 \u017ar\u00f3dle obszernych informacji o Republice Czeskiej iCzechy.pl to portal tematyczny po\u015bwi\u0119cony Republice Czeskiej, oferuj\u0105cy bogaty wyb\u00f3r artyku\u0142\u00f3w i opracowa\u0144 na temat naszego po\u0142udniowego s\u0105siada. Publikujemy tre\u015bci dotycz\u0105ce turystyki, kultury, gospodarki, historii, kuchni oraz wielu innych zagadnie\u0144&#8230;<\/p>\n","protected":false},"author":7,"featured_media":0,"parent":0,"menu_order":0,"comment_status":"open","ping_status":"open","template":"page-templates\/template-contact.php","meta":{"om_disable_all_campaigns":false,"_monsterinsights_skip_tracking":false,"_monsterinsights_sitenote_active":false,"_monsterinsights_sitenote_note":"","_monsterinsights_sitenote_category":0,"ngg_post_thumbnail":0,"two_page_speed":[],"footnotes":""},"class_list":["post-277","page","type-page","status-publish","hentry"],"yoast_head":"<!-- This site is optimized with the Yoast SEO plugin v27.5 - https:\/\/yoast.com\/product\/yoast-seo-wordpress\/ -->\n<title>Czechy informacje portal \u2013 iCzechy.pl o wszystkim, co wa\u017cne&#187;<\/title>\n<meta name=\"description\" content=\"Czechy informacje portal iCzechy.pl \u2013 odkryj turystyk\u0119, kultur\u0119, biznes i praktyczne porady. Obszerne \u017ar\u00f3d\u0142o wiedzy o Republice Czeskiej!\" \/>\n<meta name=\"robots\" content=\"index, follow, max-snippet:-1, max-image-preview:large, max-video-preview:-1\" \/>\n<link rel=\"canonical\" href=\"https:\/\/iczechy.pl\/index.php\/czechy-informacje-portal\/\" \/>\n<meta property=\"og:locale\" content=\"pl_PL\" \/>\n<meta property=\"og:type\" content=\"article\" \/>\n<meta property=\"og:title\" content=\"Czechy informacje portal \u2013 iCzechy.pl o wszystkim, co wa\u017cne&#187;\" \/>\n<meta property=\"og:description\" content=\"Czechy informacje portal iCzechy.pl \u2013 odkryj turystyk\u0119, kultur\u0119, biznes i praktyczne porady. Obszerne \u017ar\u00f3d\u0142o wiedzy o Republice Czeskiej!\" \/>\n<meta property=\"og:url\" content=\"https:\/\/iczechy.pl\/index.php\/czechy-informacje-portal\/\" \/>\n<meta property=\"og:site_name\" content=\"iCzechy.pl\" \/>\n<meta property=\"article:modified_time\" content=\"2025-04-22T19:06:55+00:00\" \/>\n<meta property=\"og:image\" content=\"https:\/\/iczechy.pl\/wp-content\/uploads\/2025\/04\/iCzechy-2-300dpi-.i-wiesz-wiecej.png\" \/>\n\t<meta property=\"og:image:width\" content=\"1280\" \/>\n\t<meta property=\"og:image:height\" content=\"294\" \/>\n\t<meta property=\"og:image:type\" content=\"image\/png\" \/>\n<meta name=\"twitter:card\" content=\"summary_large_image\" \/>\n<meta name=\"twitter:site\" content=\"@iCzechy_pl\" \/>\n<meta name=\"twitter:label1\" content=\"Szacowany czas czytania\" \/>\n\t<meta name=\"twitter:data1\" content=\"1 minuta\" \/>\n<script type=\"application\/ld+json\" class=\"yoast-schema-graph\">{\"@context\":\"https:\\\/\\\/schema.org\",\"@graph\":[{\"@type\":\"WebPage\",\"@id\":\"https:\\\/\\\/iczechy.pl\\\/index.php\\\/czechy-informacje-portal\\\/\",\"url\":\"https:\\\/\\\/iczechy.pl\\\/index.php\\\/czechy-informacje-portal\\\/\",\"name\":\"Czechy informacje portal \u2013 iCzechy.pl o wszystkim, co wa\u017cne&#187;\",\"isPartOf\":{\"@id\":\"https:\\\/\\\/iczechy.pl\\\/#website\"},\"primaryImageOfPage\":{\"@id\":\"https:\\\/\\\/iczechy.pl\\\/index.php\\\/czechy-informacje-portal\\\/#primaryimage\"},\"image\":{\"@id\":\"https:\\\/\\\/iczechy.pl\\\/index.php\\\/czechy-informacje-portal\\\/#primaryimage\"},\"thumbnailUrl\":\"https:\\\/\\\/iczechy.pl\\\/wp-content\\\/uploads\\\/2025\\\/04\\\/iCzechy-2-300dpi-.i-wiesz-wiecej-300x69.png\",\"datePublished\":\"2015-05-19T08:55:47+00:00\",\"dateModified\":\"2025-04-22T19:06:55+00:00\",\"description\":\"Czechy informacje portal iCzechy.pl \u2013 odkryj turystyk\u0119, kultur\u0119, biznes i praktyczne porady. Obszerne \u017ar\u00f3d\u0142o wiedzy o Republice Czeskiej!\",\"breadcrumb\":{\"@id\":\"https:\\\/\\\/iczechy.pl\\\/index.php\\\/czechy-informacje-portal\\\/#breadcrumb\"},\"inLanguage\":\"pl-PL\",\"potentialAction\":[{\"@type\":\"ReadAction\",\"target\":[\"https:\\\/\\\/iczechy.pl\\\/index.php\\\/czechy-informacje-portal\\\/\"]}]},{\"@type\":\"ImageObject\",\"inLanguage\":\"pl-PL\",\"@id\":\"https:\\\/\\\/iczechy.pl\\\/index.php\\\/czechy-informacje-portal\\\/#primaryimage\",\"url\":\"https:\\\/\\\/iczechy.pl\\\/wp-content\\\/uploads\\\/2025\\\/04\\\/iCzechy-2-300dpi-.i-wiesz-wiecej.png\",\"contentUrl\":\"https:\\\/\\\/iczechy.pl\\\/wp-content\\\/uploads\\\/2025\\\/04\\\/iCzechy-2-300dpi-.i-wiesz-wiecej.png\",\"width\":1280,\"height\":294},{\"@type\":\"BreadcrumbList\",\"@id\":\"https:\\\/\\\/iczechy.pl\\\/index.php\\\/czechy-informacje-portal\\\/#breadcrumb\",\"itemListElement\":[{\"@type\":\"ListItem\",\"position\":1,\"name\":\"Strona g\u0142\u00f3wna\",\"item\":\"https:\\\/\\\/iczechy.pl\\\/\"},{\"@type\":\"ListItem\",\"position\":2,\"name\":\"Redakcja iCzechy.pl\"}]},{\"@type\":\"WebSite\",\"@id\":\"https:\\\/\\\/iczechy.pl\\\/#website\",\"url\":\"https:\\\/\\\/iczechy.pl\\\/\",\"name\":\"iCzechy.pl\",\"description\":\"i wiesz wi\u0119cej\",\"publisher\":{\"@id\":\"https:\\\/\\\/iczechy.pl\\\/#organization\"},\"potentialAction\":[{\"@type\":\"SearchAction\",\"target\":{\"@type\":\"EntryPoint\",\"urlTemplate\":\"https:\\\/\\\/iczechy.pl\\\/?s={search_term_string}\"},\"query-input\":{\"@type\":\"PropertyValueSpecification\",\"valueRequired\":true,\"valueName\":\"search_term_string\"}}],\"inLanguage\":\"pl-PL\"},{\"@type\":\"Organization\",\"@id\":\"https:\\\/\\\/iczechy.pl\\\/#organization\",\"name\":\"iCzechy.pl\",\"url\":\"https:\\\/\\\/iczechy.pl\\\/\",\"logo\":{\"@type\":\"ImageObject\",\"inLanguage\":\"pl-PL\",\"@id\":\"https:\\\/\\\/iczechy.pl\\\/#\\\/schema\\\/logo\\\/image\\\/\",\"url\":\"https:\\\/\\\/iczechy.pl\\\/wp-content\\\/uploads\\\/2020\\\/06\\\/iCzechy-2-300dpi-...i-wiesz-wiecej.png\",\"contentUrl\":\"https:\\\/\\\/iczechy.pl\\\/wp-content\\\/uploads\\\/2020\\\/06\\\/iCzechy-2-300dpi-...i-wiesz-wiecej.png\",\"width\":1280,\"height\":294,\"caption\":\"iCzechy.pl\"},\"image\":{\"@id\":\"https:\\\/\\\/iczechy.pl\\\/#\\\/schema\\\/logo\\\/image\\\/\"},\"sameAs\":[\"https:\\\/\\\/x.com\\\/iCzechy_pl\"]}]}<\/script>\n<!-- \/ Yoast SEO plugin. -->","yoast_head_json":{"title":"Czechy informacje portal \u2013 iCzechy.pl o wszystkim, co wa\u017cne&#187;","description":"Czechy informacje portal iCzechy.pl \u2013 odkryj turystyk\u0119, kultur\u0119, biznes i praktyczne porady. Obszerne \u017ar\u00f3d\u0142o wiedzy o Republice Czeskiej!","robots":{"index":"index","follow":"follow","max-snippet":"max-snippet:-1","max-image-preview":"max-image-preview:large","max-video-preview":"max-video-preview:-1"},"canonical":"https:\/\/iczechy.pl\/index.php\/czechy-informacje-portal\/","og_locale":"pl_PL","og_type":"article","og_title":"Czechy informacje portal \u2013 iCzechy.pl o wszystkim, co wa\u017cne&#187;","og_description":"Czechy informacje portal iCzechy.pl \u2013 odkryj turystyk\u0119, kultur\u0119, biznes i praktyczne porady. Obszerne \u017ar\u00f3d\u0142o wiedzy o Republice Czeskiej!","og_url":"https:\/\/iczechy.pl\/index.php\/czechy-informacje-portal\/","og_site_name":"iCzechy.pl","article_modified_time":"2025-04-22T19:06:55+00:00","og_image":[{"width":1280,"height":294,"url":"https:\/\/iczechy.pl\/wp-content\/uploads\/2025\/04\/iCzechy-2-300dpi-.i-wiesz-wiecej.png","type":"image\/png"}],"twitter_card":"summary_large_image","twitter_site":"@iCzechy_pl","twitter_misc":{"Szacowany czas czytania":"1 minuta"},"schema":{"@context":"https:\/\/schema.org","@graph":[{"@type":"WebPage","@id":"https:\/\/iczechy.pl\/index.php\/czechy-informacje-portal\/","url":"https:\/\/iczechy.pl\/index.php\/czechy-informacje-portal\/","name":"Czechy informacje portal \u2013 iCzechy.pl o wszystkim, co wa\u017cne&#187;","isPartOf":{"@id":"https:\/\/iczechy.pl\/#website"},"primaryImageOfPage":{"@id":"https:\/\/iczechy.pl\/index.php\/czechy-informacje-portal\/#primaryimage"},"image":{"@id":"https:\/\/iczechy.pl\/index.php\/czechy-informacje-portal\/#primaryimage"},"thumbnailUrl":"https:\/\/iczechy.pl\/wp-content\/uploads\/2025\/04\/iCzechy-2-300dpi-.i-wiesz-wiecej-300x69.png","datePublished":"2015-05-19T08:55:47+00:00","dateModified":"2025-04-22T19:06:55+00:00","description":"Czechy informacje portal iCzechy.pl \u2013 odkryj turystyk\u0119, kultur\u0119, biznes i praktyczne porady. Obszerne \u017ar\u00f3d\u0142o wiedzy o Republice Czeskiej!","breadcrumb":{"@id":"https:\/\/iczechy.pl\/index.php\/czechy-informacje-portal\/#breadcrumb"},"inLanguage":"pl-PL","potentialAction":[{"@type":"ReadAction","target":["https:\/\/iczechy.pl\/index.php\/czechy-informacje-portal\/"]}]},{"@type":"ImageObject","inLanguage":"pl-PL","@id":"https:\/\/iczechy.pl\/index.php\/czechy-informacje-portal\/#primaryimage","url":"https:\/\/iczechy.pl\/wp-content\/uploads\/2025\/04\/iCzechy-2-300dpi-.i-wiesz-wiecej.png","contentUrl":"https:\/\/iczechy.pl\/wp-content\/uploads\/2025\/04\/iCzechy-2-300dpi-.i-wiesz-wiecej.png","width":1280,"height":294},{"@type":"BreadcrumbList","@id":"https:\/\/iczechy.pl\/index.php\/czechy-informacje-portal\/#breadcrumb","itemListElement":[{"@type":"ListItem","position":1,"name":"Strona g\u0142\u00f3wna","item":"https:\/\/iczechy.pl\/"},{"@type":"ListItem","position":2,"name":"Redakcja iCzechy.pl"}]},{"@type":"WebSite","@id":"https:\/\/iczechy.pl\/#website","url":"https:\/\/iczechy.pl\/","name":"iCzechy.pl","description":"i wiesz wi\u0119cej","publisher":{"@id":"https:\/\/iczechy.pl\/#organization"},"potentialAction":[{"@type":"SearchAction","target":{"@type":"EntryPoint","urlTemplate":"https:\/\/iczechy.pl\/?s={search_term_string}"},"query-input":{"@type":"PropertyValueSpecification","valueRequired":true,"valueName":"search_term_string"}}],"inLanguage":"pl-PL"},{"@type":"Organization","@id":"https:\/\/iczechy.pl\/#organization","name":"iCzechy.pl","url":"https:\/\/iczechy.pl\/","logo":{"@type":"ImageObject","inLanguage":"pl-PL","@id":"https:\/\/iczechy.pl\/#\/schema\/logo\/image\/","url":"https:\/\/iczechy.pl\/wp-content\/uploads\/2020\/06\/iCzechy-2-300dpi-...i-wiesz-wiecej.png","contentUrl":"https:\/\/iczechy.pl\/wp-content\/uploads\/2020\/06\/iCzechy-2-300dpi-...i-wiesz-wiecej.png","width":1280,"height":294,"caption":"iCzechy.pl"},"image":{"@id":"https:\/\/iczechy.pl\/#\/schema\/logo\/image\/"},"sameAs":["https:\/\/x.com\/iCzechy_pl"]}]}},"_links":{"self":[{"href":"https:\/\/iczechy.pl\/index.php\/wp-json\/wp\/v2\/pages\/277","targetHints":{"allow":["GET"]}}],"collection":[{"href":"https:\/\/iczechy.pl\/index.php\/wp-json\/wp\/v2\/pages"}],"about":[{"href":"https:\/\/iczechy.pl\/index.php\/wp-json\/wp\/v2\/types\/page"}],"author":[{"embeddable":true,"href":"https:\/\/iczechy.pl\/index.php\/wp-json\/wp\/v2\/users\/7"}],"replies":[{"embeddable":true,"href":"https:\/\/iczechy.pl\/index.php\/wp-json\/wp\/v2\/comments?post=277"}],"version-history":[{"count":10,"href":"https:\/\/iczechy.pl\/index.php\/wp-json\/wp\/v2\/pages\/277\/revisions"}],"predecessor-version":[{"id":7116,"href":"https:\/\/iczechy.pl\/index.php\/wp-json\/wp\/v2\/pages\/277\/revisions\/7116"}],"wp:attachment":[{"href":"https:\/\/iczechy.pl\/index.php\/wp-json\/wp\/v2\/media?parent=277"}],"curies":[{"name":"wp","href":"https:\/\/api.w.org\/{rel}","templated":true}]}}